{"id":7,"date":"2025-12-14T14:47:50","date_gmt":"2025-12-14T14:47:50","guid":{"rendered":"https:\/\/heliapp.be\/?page_id=7"},"modified":"2026-01-27T19:58:19","modified_gmt":"2026-01-27T19:58:19","slug":"home","status":"publish","type":"page","link":"https:\/\/heliapp.be\/","title":{"rendered":"Accueil"},"content":{"rendered":"\n<p><\/p>\n\n\n\n<div class=\"wp-block-group alignfull is-layout-constrained wp-container-core-group-is-layout-45b0ac4f wp-block-group-is-layout-constrained\" id=\"services\" style=\"padding-top:144px;padding-bottom:0px\">\n<h2 class=\"wp-block-heading\">Bienvenue chez Heliapp<\/h2>\n\n\n\n<div class=\"wp-block-columns is-layout-flex wp-container-core-columns-is-layout-60cbf9bb wp-block-columns-is-layout-flex\" style=\"margin-top:50px\">\n<div class=\"wp-block-column is-layout-flow wp-container-core-column-is-layout-6b73ce23 wp-block-column-is-layout-flow\">\n<h3 class=\"wp-block-heading\" style=\"margin-top:16px\">Bienvenue sur le site de <strong>Heliapp<\/strong>, votre partenaire digital bas\u00e9 \u00e0 <strong>Waremme<\/strong>, au c\u0153ur de la <strong>province de Li\u00e8ge<\/strong> en Belgique.<\/h3>\n\n\n\n<p><\/p>\n\n\n\n<p class=\"has-text-align-left\">Depuis <strong>plus de 10 ans<\/strong>, Heliapp accompagne les entreprises dans leurs projets de <strong>d\u00e9veloppement d\u2019applications mobiles natives iOS et Android<\/strong>, ainsi que dans la <strong>cr\u00e9ation de sites internet sur mesure<\/strong>, performants et adapt\u00e9s \u00e0 vos besoins sp\u00e9cifiques.<\/p>\n\n\n\n<p class=\"has-text-align-left\">Toujours tourn\u00e9e vers l\u2019innovation, Heliapp \u00e9largit aujourd\u2019hui son expertise en proposant des services de <strong>mod\u00e9lisation 3D<\/strong> et <strong>d\u2019impression 3D<\/strong>, ouvrant la porte \u00e0 de nouvelles possibilit\u00e9s en mati\u00e8re de prototypage et de conception.<br>Nous offrons \u00e9galement des <strong>prises de vue professionnelles par drone<\/strong>, en photo et en vid\u00e9o, id\u00e9ales pour valoriser vos projets, vos infrastructures ou votre communication visuelle.<\/p>\n\n\n\n<p>Chez Heliapp, nous mettons la technologie au service de vos id\u00e9es, avec une approche personnalis\u00e9e, cr\u00e9ative et orient\u00e9e r\u00e9sultats.<\/p>\n<\/div>\n<\/div>\n<\/div>\n\n\n\n<div class=\"wp-block-group alignfull is-layout-constrained wp-container-core-group-is-layout-45b0ac4f wp-block-group-is-layout-constrained\" id=\"services\" style=\"padding-top:144px;padding-bottom:0px\">\n<h2 class=\"wp-block-heading\">Nos services<\/h2>\n\n\n\n<div class=\"wp-block-columns is-layout-flex wp-container-core-columns-is-layout-60cbf9bb wp-block-columns-is-layout-flex\" style=\"margin-top:50px\">\n<div class=\"wp-block-column is-layout-flow wp-container-core-column-is-layout-6b73ce23 wp-block-column-is-layout-flow\">\n<figure class=\"wp-block-image size-full\"><img loading=\"lazy\" decoding=\"async\" width=\"1024\" height=\"1024\" src=\"https:\/\/heliapp.be\/wp-content\/uploads\/2025\/12\/Image-ChatGPT-14-dec-2025-1.png\" alt=\"\" class=\"wp-image-48\" srcset=\"https:\/\/heliapp.be\/wp-content\/uploads\/2025\/12\/Image-ChatGPT-14-dec-2025-1.png 1024w, https:\/\/heliapp.be\/wp-content\/uploads\/2025\/12\/Image-ChatGPT-14-dec-2025-1-300x300.png 300w, https:\/\/heliapp.be\/wp-content\/uploads\/2025\/12\/Image-ChatGPT-14-dec-2025-1-150x150.png 150w, https:\/\/heliapp.be\/wp-content\/uploads\/2025\/12\/Image-ChatGPT-14-dec-2025-1-768x768.png 768w\" sizes=\"auto, (max-width: 1024px) 100vw, 1024px\" \/><\/figure>\n\n\n\n<h3 class=\"wp-block-heading\" style=\"margin-top:16px\">Cr\u00e9ation d&#8217;applications<br>Mobile &#8211; Site internet<\/h3>\n\n\n\n<p>Nous r\u00e9alisons de z\u00e9ro votre projet pour \u00eatre au plus proche de votre audience.<\/p>\n<\/div>\n\n\n\n<div class=\"wp-block-column is-layout-flow wp-container-core-column-is-layout-6b73ce23 wp-block-column-is-layout-flow\">\n<figure class=\"wp-block-image size-full\"><img loading=\"lazy\" decoding=\"async\" width=\"1654\" height=\"1654\" src=\"http:\/\/heliapp.be\/wp-content\/uploads\/2026\/01\/signal-2026-01-27-205311_002.jpeg\" alt=\"\" class=\"wp-image-155\" srcset=\"https:\/\/heliapp.be\/wp-content\/uploads\/2026\/01\/signal-2026-01-27-205311_002.jpeg 1654w, https:\/\/heliapp.be\/wp-content\/uploads\/2026\/01\/signal-2026-01-27-205311_002-300x300.jpeg 300w, https:\/\/heliapp.be\/wp-content\/uploads\/2026\/01\/signal-2026-01-27-205311_002-1024x1024.jpeg 1024w, https:\/\/heliapp.be\/wp-content\/uploads\/2026\/01\/signal-2026-01-27-205311_002-150x150.jpeg 150w, https:\/\/heliapp.be\/wp-content\/uploads\/2026\/01\/signal-2026-01-27-205311_002-768x768.jpeg 768w, https:\/\/heliapp.be\/wp-content\/uploads\/2026\/01\/signal-2026-01-27-205311_002-1536x1536.jpeg 1536w\" sizes=\"auto, (max-width: 1654px) 100vw, 1654px\" \/><\/figure>\n\n\n\n<h3 class=\"wp-block-heading\" style=\"margin-top:16px\">Impressions 3D<\/h3>\n\n\n\n<p>D&#8217;un besoin, nous cr\u00e9ons une solution. Sur mesure, en fonction de vous, nous mod\u00e9lisons est imprimons la pi\u00e8ce qu&#8217;il vous faut.<\/p>\n<\/div>\n\n\n\n<div class=\"wp-block-column is-layout-flow wp-container-core-column-is-layout-6b73ce23 wp-block-column-is-layout-flow\">\n<figure class=\"wp-block-image size-full\"><img loading=\"lazy\" decoding=\"async\" width=\"1024\" height=\"1024\" src=\"http:\/\/heliapp.be\/wp-content\/uploads\/2025\/12\/Image-ChatGPT-14-dec-2025.png\" alt=\"\" class=\"wp-image-47\" srcset=\"https:\/\/heliapp.be\/wp-content\/uploads\/2025\/12\/Image-ChatGPT-14-dec-2025.png 1024w, https:\/\/heliapp.be\/wp-content\/uploads\/2025\/12\/Image-ChatGPT-14-dec-2025-300x300.png 300w, https:\/\/heliapp.be\/wp-content\/uploads\/2025\/12\/Image-ChatGPT-14-dec-2025-150x150.png 150w, https:\/\/heliapp.be\/wp-content\/uploads\/2025\/12\/Image-ChatGPT-14-dec-2025-768x768.png 768w\" sizes=\"auto, (max-width: 1024px) 100vw, 1024px\" \/><\/figure>\n\n\n\n<h3 class=\"wp-block-heading\" style=\"margin-top:16px\">Photos\/Vid\u00e9os par drone<\/h3>\n\n\n\n<p>Un \u00e9tat des lieux de votre toiture ?  Des prises de vues pour la vente d&#8217;un terrain ou d&#8217;un bien immobilier ? Notre drone est \u00e0 votre disposition !<\/p>\n<\/div>\n<\/div>\n<\/div>\n\n\n\n<div class=\"wp-block-group alignfull is-layout-constrained wp-container-core-group-is-layout-3fee123f wp-block-group-is-layout-constrained\" id=\"whyus\" style=\"padding-top:144px;padding-bottom:144px\">\n<h2 class=\"wp-block-heading\">Pourquoi choisir Heliapp ?<\/h2>\n\n\n\n<div class=\"wp-block-columns is-layout-flex wp-container-core-columns-is-layout-29aadeec wp-block-columns-is-layout-flex\" style=\"margin-top:60px\">\n<div class=\"wp-block-column is-layout-flow wp-container-core-column-is-layout-6b73ce23 wp-block-column-is-layout-flow\">\n<figure class=\"wp-block-image size-full\"><img loading=\"lazy\" decoding=\"async\" width=\"63\" height=\"53\" src=\"https:\/\/heliapp.be\/wp-content\/uploads\/2025\/12\/Group-5-1.png\" alt=\"\" class=\"wp-image-31\"\/><\/figure>\n\n\n\n<h3 class=\"wp-block-heading\" style=\"margin-top:16px\">Passionn\u00e9<\/h3>\n\n\n\n<p>Heliapp est n\u00e9e d&#8217;une passion pour les nouvelles technologie. <\/p>\n<\/div>\n\n\n\n<div class=\"wp-block-column is-layout-flow wp-container-core-column-is-layout-6b73ce23 wp-block-column-is-layout-flow\">\n<figure class=\"wp-block-image size-full\"><img loading=\"lazy\" decoding=\"async\" width=\"56\" height=\"54\" src=\"https:\/\/heliapp.be\/wp-content\/uploads\/2025\/12\/Group-6.png\" alt=\"\" class=\"wp-image-30\"\/><\/figure>\n\n\n\n<h3 class=\"wp-block-heading\" style=\"margin-top:16px\">Professionnel<\/h3>\n\n\n\n<p>Avec Heliapp, pas de mauvaise surprise. Nous convenons de tout, et vous recevez exactement ce que vous demandez. <\/p>\n<\/div>\n\n\n\n<div class=\"wp-block-column is-layout-flow wp-container-core-column-is-layout-6b73ce23 wp-block-column-is-layout-flow\">\n<figure class=\"wp-block-image size-full\"><img loading=\"lazy\" decoding=\"async\" width=\"59\" height=\"53\" src=\"https:\/\/heliapp.be\/wp-content\/uploads\/2025\/12\/Group-7.png\" alt=\"\" class=\"wp-image-32\"\/><\/figure>\n\n\n\n<h3 class=\"wp-block-heading\" style=\"margin-top:16px\">Disponible<\/h3>\n\n\n\n<p>Nous sommes \u00e0 votre \u00e9coute. Un changement d&#8217;id\u00e9e, un probl\u00e8me ou une envie soudaine ? Nous sommes disponibles pour vous<\/p>\n<\/div>\n<\/div>\n<\/div>\n","protected":false},"excerpt":{"rendered":"<p>Bienvenue chez Heliapp Bienvenue sur le site de Heliapp, votre partenaire digital bas\u00e9 \u00e0 Waremme, au c\u0153ur de la province [&hellip;]<\/p>\n","protected":false},"author":1,"featured_media":0,"parent":0,"menu_order":0,"comment_status":"closed","ping_status":"closed","template":"","meta":{"site-sidebar-layout":"no-sidebar","site-content-layout":"plain-container","ast-site-content-layout":"default","site-content-style":"default","site-sidebar-style":"default","ast-global-header-display":"","ast-banner-title-visibility":"","ast-main-header-display":"","ast-hfb-above-header-display":"","ast-hfb-below-header-display":"","ast-hfb-mobile-header-display":"","site-post-title":"disabled","ast-breadcrumbs-content":"","ast-featured-img":"","footer-sml-layout":"","ast-disable-related-posts":"","theme-transparent-header-meta":"enabled","adv-header-id-meta":"","stick-header-meta":"","header-above-stick-meta":"","header-main-stick-meta":"","header-below-stick-meta":"","astra-migrate-meta-layouts":"default","ast-page-background-enabled":"default","ast-page-background-meta":{"desktop":{"background-color":"var(--ast-global-color-5)","background-image":"","background-repeat":"repeat","background-position":"center center","background-size":"auto","background-attachment":"scroll","background-type":"","background-media":"","overlay-type":"","overlay-color":"","overlay-opacity":"","overlay-gradient":""},"tablet":{"background-color":"","background-image":"","background-repeat":"repeat","background-position":"center center","background-size":"auto","background-attachment":"scroll","background-type":"","background-media":"","overlay-type":"","overlay-color":"","overlay-opacity":"","overlay-gradient":""},"mobile":{"background-color":"","background-image":"","background-repeat":"repeat","background-position":"center center","background-size":"auto","background-attachment":"scroll","background-type":"","background-media":"","overlay-type":"","overlay-color":"","overlay-opacity":"","overlay-gradient":""}},"ast-content-background-meta":{"desktop":{"background-color":"var(--ast-global-color-4)","background-image":"","background-repeat":"repeat","background-position":"center center","background-size":"auto","background-attachment":"scroll","background-type":"","background-media":"","overlay-type":"","overlay-color":"","overlay-opacity":"","overlay-gradient":""},"tablet":{"background-color":"var(--ast-global-color-4)","background-image":"","background-repeat":"repeat","background-position":"center center","background-size":"auto","background-attachment":"scroll","background-type":"","background-media":"","overlay-type":"","overlay-color":"","overlay-opacity":"","overlay-gradient":""},"mobile":{"background-color":"var(--ast-global-color-4)","background-image":"","background-repeat":"repeat","background-position":"center center","background-size":"auto","background-attachment":"scroll","background-type":"","background-media":"","overlay-type":"","overlay-color":"","overlay-opacity":"","overlay-gradient":""}},"footnotes":""},"class_list":["post-7","page","type-page","status-publish","hentry"],"_links":{"self":[{"href":"https:\/\/heliapp.be\/index.php\/wp-json\/wp\/v2\/pages\/7","targetHints":{"allow":["GET"]}}],"collection":[{"href":"https:\/\/heliapp.be\/index.php\/wp-json\/wp\/v2\/pages"}],"about":[{"href":"https:\/\/heliapp.be\/index.php\/wp-json\/wp\/v2\/types\/page"}],"author":[{"embeddable":true,"href":"https:\/\/heliapp.be\/index.php\/wp-json\/wp\/v2\/users\/1"}],"replies":[{"embeddable":true,"href":"https:\/\/heliapp.be\/index.php\/wp-json\/wp\/v2\/comments?post=7"}],"version-history":[{"count":14,"href":"https:\/\/heliapp.be\/index.php\/wp-json\/wp\/v2\/pages\/7\/revisions"}],"predecessor-version":[{"id":156,"href":"https:\/\/heliapp.be\/index.php\/wp-json\/wp\/v2\/pages\/7\/revisions\/156"}],"wp:attachment":[{"href":"https:\/\/heliapp.be\/index.php\/wp-json\/wp\/v2\/media?parent=7"}],"curies":[{"name":"wp","href":"https:\/\/api.w.org\/{rel}","templated":true}]}}